{"id":81,"date":"2025-03-25T11:39:33","date_gmt":"2025-03-25T11:39:33","guid":{"rendered":"https:\/\/factgo.nextwpcook.com\/?page_id=81"},"modified":"2025-09-05T08:45:17","modified_gmt":"2025-09-05T08:45:17","slug":"kariyer","status":"publish","type":"page","link":"https:\/\/a3madencilik.com\/en\/kariyer\/","title":{"rendered":"Kariyer"},"content":{"rendered":"<div data-elementor-type=\"wp-page\" data-elementor-id=\"81\" class=\"elementor elementor-81\" data-elementor-settings=\"{&quot;element_pack_global_tooltip_width&quot;:{&quot;unit&quot;:&quot;px&quot;,&quot;size&quot;:&quot;&quot;,&quot;sizes&quot;:[]},&quot;element_pack_global_tooltip_width_tablet&quot;:{&quot;unit&quot;:&quot;px&quot;,&quot;size&quot;:&quot;&quot;,&quot;sizes&quot;:[]},&quot;element_pack_global_tooltip_width_mobile&quot;:{&quot;unit&quot;:&quot;px&quot;,&quot;size&quot;:&quot;&quot;,&quot;sizes&quot;:[]},&quot;element_pack_global_tooltip_padding&quot;:{&quot;unit&quot;:&quot;px&quot;,&quot;top&quot;:&quot;&quot;,&quot;right&quot;:&quot;&quot;,&quot;bottom&quot;:&quot;&quot;,&quot;left&quot;:&quot;&quot;,&quot;isLinked&quot;:true},&quot;element_pack_global_tooltip_padding_tablet&quot;:{&quot;unit&quot;:&quot;px&quot;,&quot;top&quot;:&quot;&quot;,&quot;right&quot;:&quot;&quot;,&quot;bottom&quot;:&quot;&quot;,&quot;left&quot;:&quot;&quot;,&quot;isLinked&quot;:true},&quot;element_pack_global_tooltip_padding_mobile&quot;:{&quot;unit&quot;:&quot;px&quot;,&quot;top&quot;:&quot;&quot;,&quot;right&quot;:&quot;&quot;,&quot;bottom&quot;:&quot;&quot;,&quot;left&quot;:&quot;&quot;,&quot;isLinked&quot;:true},&quot;element_pack_global_tooltip_border_radius&quot;:{&quot;unit&quot;:&quot;px&quot;,&quot;top&quot;:&quot;&quot;,&quot;right&quot;:&quot;&quot;,&quot;bottom&quot;:&quot;&quot;,&quot;left&quot;:&quot;&quot;,&quot;isLinked&quot;:true},&quot;element_pack_global_tooltip_border_radius_tablet&quot;:{&quot;unit&quot;:&quot;px&quot;,&quot;top&quot;:&quot;&quot;,&quot;right&quot;:&quot;&quot;,&quot;bottom&quot;:&quot;&quot;,&quot;left&quot;:&quot;&quot;,&quot;isLinked&quot;:true},&quot;element_pack_global_tooltip_border_radius_mobile&quot;:{&quot;unit&quot;:&quot;px&quot;,&quot;top&quot;:&quot;&quot;,&quot;right&quot;:&quot;&quot;,&quot;bottom&quot;:&quot;&quot;,&quot;left&quot;:&quot;&quot;,&quot;isLinked&quot;:true}}\" data-elementor-post-type=\"page\">\n\t\t\t\t<div class=\"elementor-element elementor-element-9a2cb66 e-flex e-con-boxed e-con e-parent\" data-id=\"9a2cb66\" data-element_type=\"container\">\n\t\t\t\t\t<div class=\"e-con-inner\">\n\t\t\t\t<div class=\"elementor-element elementor-element-f7c90e0 elementor-widget elementor-widget-spacer\" data-id=\"f7c90e0\" data-element_type=\"widget\" data-widget_type=\"spacer.default\">\n\t\t\t\t\t\t\t<div class=\"elementor-spacer\">\n\t\t\t<div class=\"elementor-spacer-inner\"><\/div>\n\t\t<\/div>\n\t\t\t\t\t\t<\/div>\n\t\t\t\t\t<\/div>\n\t\t\t\t<\/div>\n\t\t<div class=\"elementor-element elementor-element-d1a02e2 e-flex e-con-boxed e-con e-parent\" data-id=\"d1a02e2\" data-element_type=\"container\">\n\t\t\t\t\t<div class=\"e-con-inner\">\n\t\t<div class=\"elementor-element elementor-element-9be9368 e-con-full e-flex e-con e-child\" data-id=\"9be9368\" data-element_type=\"container\">\n\t\t\t\t<div class=\"elementor-element elementor-element-973d7ff elementor-widget elementor-widget-heading\" data-id=\"973d7ff\" data-element_type=\"widget\" data-widget_type=\"heading.default\">\n\t\t\t\t\t<h2 class=\"elementor-heading-title elementor-size-default\">Kariyer<\/h2>\t\t\t\t<\/div>\n\t\t\t\t<div class=\"elementor-element elementor-element-901afe2 elementor-widget elementor-widget-text-editor\" data-id=\"901afe2\" data-element_type=\"widget\" data-widget_type=\"text-editor.default\">\n\t\t\t\t\t\t\t\t\t<p data-start=\"144\" data-end=\"413\">A3 Madencilik olarak, b\u00fcy\u00fcyen ve geli\u015fen yap\u0131m\u0131z i\u00e7inde insan kayna\u011f\u0131m\u0131z\u0131 en de\u011ferli varl\u0131\u011f\u0131m\u0131z olarak g\u00f6r\u00fcyoruz. Dinamik, yenilik\u00e7i ve sorumluluk sahibi ekibimizle birlikte \u00e7al\u0131\u015fmak isteyen, sekt\u00f6rde kendini geli\u015ftirmeyi hedefleyen yeteneklere kap\u0131m\u0131z daima a\u00e7\u0131kt\u0131r.<\/p><p data-start=\"415\" data-end=\"558\">Siz de kariyer yolculu\u011funuzda A3 Madencilik ailesine kat\u0131lmak isterseniz, \u00f6zge\u00e7mi\u015finizi <strong data-start=\"503\" data-end=\"528\"><a class=\"decorated-link cursor-pointer\" rel=\"noopener\" data-start=\"505\" data-end=\"526\">info@a3madencilik.com<\/a><\/strong> adresine g\u00f6nderebilirsiniz.<\/p>\t\t\t\t\t\t\t\t<\/div>\n\t\t\t\t<\/div>\n\t\t<div class=\"elementor-element elementor-element-b97be9e e-con-full e-flex e-con e-child\" data-id=\"b97be9e\" data-element_type=\"container\">\n\t\t\t\t<div class=\"elementor-element elementor-element-13e08da elementor-widget elementor-widget-image\" data-id=\"13e08da\" data-element_type=\"widget\" data-widget_type=\"image.default\">\n\t\t\t\t\t\t\t\t\t\t\t\t\t\t\t<img fetchpriority=\"high\" decoding=\"async\" width=\"1024\" height=\"543\" src=\"https:\/\/a3madencilik.com\/wp-content\/uploads\/2025\/03\/portfolio-5.jpg\" class=\"attachment-large size-large wp-image-254\" alt=\"\" srcset=\"https:\/\/a3madencilik.com\/wp-content\/uploads\/2025\/03\/portfolio-5.jpg 1320w, https:\/\/a3madencilik.com\/wp-content\/uploads\/2025\/03\/portfolio-5-600x318.jpg 600w\" sizes=\"(max-width: 1024px) 100vw, 1024px\" \/>\t\t\t\t\t\t\t\t\t\t\t\t\t\t\t<\/div>\n\t\t\t\t<\/div>\n\t\t\t\t\t<\/div>\n\t\t\t\t<\/div>\n\t\t\t\t<\/div>","protected":false},"excerpt":{"rendered":"<p>Kariyer A3 Madencilik olarak, b\u00fcy\u00fcyen ve geli\u015fen yap\u0131m\u0131z i\u00e7inde insan kayna\u011f\u0131m\u0131z\u0131 en de\u011ferli varl\u0131\u011f\u0131m\u0131z olarak g\u00f6r\u00fcyoruz. Dinamik, yenilik\u00e7i ve sorumluluk sahibi ekibimizle birlikte \u00e7al\u0131\u015fmak isteyen, sekt\u00f6rde kendini geli\u015ftirmeyi hedefleyen yeteneklere kap\u0131m\u0131z daima a\u00e7\u0131kt\u0131r. Siz de kariyer yolculu\u011funuzda A3 Madencilik ailesine kat\u0131lmak isterseniz, \u00f6zge\u00e7mi\u015finizi info@a3madencilik.com adresine g\u00f6nderebilirsiniz.<\/p>","protected":false},"author":1,"featured_media":0,"parent":0,"menu_order":0,"comment_status":"closed","ping_status":"closed","template":"page-builder.php","meta":{"footnotes":""},"class_list":["post-81","page","type-page","status-publish","hentry"],"_links":{"self":[{"href":"https:\/\/a3madencilik.com\/en\/wp-json\/wp\/v2\/pages\/81","targetHints":{"allow":["GET"]}}],"collection":[{"href":"https:\/\/a3madencilik.com\/en\/wp-json\/wp\/v2\/pages"}],"about":[{"href":"https:\/\/a3madencilik.com\/en\/wp-json\/wp\/v2\/types\/page"}],"author":[{"embeddable":true,"href":"https:\/\/a3madencilik.com\/en\/wp-json\/wp\/v2\/users\/1"}],"replies":[{"embeddable":true,"href":"https:\/\/a3madencilik.com\/en\/wp-json\/wp\/v2\/comments?post=81"}],"version-history":[{"count":7,"href":"https:\/\/a3madencilik.com\/en\/wp-json\/wp\/v2\/pages\/81\/revisions"}],"predecessor-version":[{"id":3767,"href":"https:\/\/a3madencilik.com\/en\/wp-json\/wp\/v2\/pages\/81\/revisions\/3767"}],"wp:attachment":[{"href":"https:\/\/a3madencilik.com\/en\/wp-json\/wp\/v2\/media?parent=81"}],"curies":[{"name":"wp","href":"https:\/\/api.w.org\/{rel}","templated":true}]}}